{"id":179,"date":"2016-03-16T16:19:27","date_gmt":"2016-03-16T15:19:27","guid":{"rendered":"http:\/\/www.aufkleber-druck-profi.de\/?page_id=179"},"modified":"2018-03-06T09:15:44","modified_gmt":"2018-03-06T08:15:44","slug":"verteilung","status":"publish","type":"page","link":"http:\/\/ordner-profi.de\/?page_id=179","title":{"rendered":"Verteilung"},"content":{"rendered":"<p>Damit Sie anderen Leuten sicher und geordnet Unterlagen oder Infomaterial \u00fcberreichen k\u00f6nnen, werden Ordner \u00f6fter mal verteilt, damit die andere Person sich die Unterlagen mitnehmen kann.<\/p>\n<p>Eine Mappe w\u00fcrde sich in diesem Fall zwar besser eignen, allerdings haben Ordner eine h\u00f6here Kapazit\u00e4t, weswegen sich, bei einer hohen Seitenanzahl, ein Ordner besser eignet.<\/p>\n<p>Ein Ordner sch\u00fctzt den Inhalt besser vor Sch\u00e4den als eine Mappe und wenn man ihn ordentlich f\u00fchrt, dann kann man sich in ihm auch besser zurecht finden als in meiner Mappe, da man in einen Ordner umfangreichere Verzeichnisse anlegen kann.<\/p>\n<p>Da es f\u00fcr die andere Person evtl. schwierig werden k\u00f6nnte einen Ordner zu transportieren, sollte man den Ordner per Post verschicken oder bei der Person vorbei bringen.<\/p>\n<p>Allgemein eignen sich Mappen besser zum verteilen.<\/p>\n<p>&nbsp;<\/p>\n","protected":false},"excerpt":{"rendered":"<p>Damit Sie anderen Leuten sicher und geordnet Unterlagen oder Infomaterial \u00fcberreichen k\u00f6nnen, werden Ordner \u00f6fter mal verteilt, damit die andere<\/p>\n","protected":false},"author":1,"featured_media":0,"parent":0,"menu_order":0,"comment_status":"closed","ping_status":"closed","template":"","meta":{"footnotes":""},"_links":{"self":[{"href":"http:\/\/ordner-profi.de\/index.php?rest_route=\/wp\/v2\/pages\/179"}],"collection":[{"href":"http:\/\/ordner-profi.de\/index.php?rest_route=\/wp\/v2\/pages"}],"about":[{"href":"http:\/\/ordner-profi.de\/index.php?rest_route=\/wp\/v2\/types\/page"}],"author":[{"embeddable":true,"href":"http:\/\/ordner-profi.de\/index.php?rest_route=\/wp\/v2\/users\/1"}],"replies":[{"embeddable":true,"href":"http:\/\/ordner-profi.de\/index.php?rest_route=%2Fwp%2Fv2%2Fcomments&post=179"}],"version-history":[{"count":4,"href":"http:\/\/ordner-profi.de\/index.php?rest_route=\/wp\/v2\/pages\/179\/revisions"}],"predecessor-version":[{"id":294,"href":"http:\/\/ordner-profi.de\/index.php?rest_route=\/wp\/v2\/pages\/179\/revisions\/294"}],"wp:attachment":[{"href":"http:\/\/ordner-profi.de\/index.php?rest_route=%2Fwp%2Fv2%2Fmedia&parent=179"}],"curies":[{"name":"wp","href":"https:\/\/api.w.org\/{rel}","templated":true}]}}