{"id":177,"date":"2016-03-16T16:19:17","date_gmt":"2016-03-16T15:19:17","guid":{"rendered":"http:\/\/www.aufkleber-druck-profi.de\/?page_id=177"},"modified":"2018-03-05T11:41:11","modified_gmt":"2018-03-05T10:41:11","slug":"aufbewahrung","status":"publish","type":"page","link":"http:\/\/ordner-profi.de\/?page_id=177","title":{"rendered":"Aufbewahrung"},"content":{"rendered":"<p>Wenn man viele Seiten sicher aufbewahren m\u00f6chte und sp\u00e4ter wieder finden will, dann ist ein Ordner die beste Wahl.<\/p>\n<p>Ein Ordner sch\u00fctzt den Inhalt vor \u00e4u\u00dferen Einfl\u00fcssen und kann viel mehr Seiten aufnehmen, als eine Mappe.<\/p>\n<p>Zudem ist es auch einfacher den Inhalt zu Ordnen, wie z.B. mit Verzeichnissen.<\/p>\n<p>Der gr\u00f6\u00dfte Nachteil zu einer Mappe ist, dass ein Ordner viel Platz wegnimmt, selbst wenn er leer ist, weshalb man sich vorher vergewissern sollte, dass man auch genug Platz hat, um sich Ordner anzulegen.<\/p>\n","protected":false},"excerpt":{"rendered":"<p>Wenn man viele Seiten sicher aufbewahren m\u00f6chte und sp\u00e4ter wieder finden will, dann ist ein Ordner die beste Wahl. Ein<\/p>\n","protected":false},"author":1,"featured_media":0,"parent":0,"menu_order":0,"comment_status":"closed","ping_status":"closed","template":"","meta":{"footnotes":""},"_links":{"self":[{"href":"http:\/\/ordner-profi.de\/index.php?rest_route=\/wp\/v2\/pages\/177"}],"collection":[{"href":"http:\/\/ordner-profi.de\/index.php?rest_route=\/wp\/v2\/pages"}],"about":[{"href":"http:\/\/ordner-profi.de\/index.php?rest_route=\/wp\/v2\/types\/page"}],"author":[{"embeddable":true,"href":"http:\/\/ordner-profi.de\/index.php?rest_route=\/wp\/v2\/users\/1"}],"replies":[{"embeddable":true,"href":"http:\/\/ordner-profi.de\/index.php?rest_route=%2Fwp%2Fv2%2Fcomments&post=177"}],"version-history":[{"count":4,"href":"http:\/\/ordner-profi.de\/index.php?rest_route=\/wp\/v2\/pages\/177\/revisions"}],"predecessor-version":[{"id":290,"href":"http:\/\/ordner-profi.de\/index.php?rest_route=\/wp\/v2\/pages\/177\/revisions\/290"}],"wp:attachment":[{"href":"http:\/\/ordner-profi.de\/index.php?rest_route=%2Fwp%2Fv2%2Fmedia&parent=177"}],"curies":[{"name":"wp","href":"https:\/\/api.w.org\/{rel}","templated":true}]}}