{"id":173,"date":"2016-03-16T16:18:31","date_gmt":"2016-03-16T15:18:31","guid":{"rendered":"http:\/\/www.aufkleber-druck-profi.de\/?page_id=173"},"modified":"2018-03-02T13:29:16","modified_gmt":"2018-03-02T12:29:16","slug":"ausfuhrungen","status":"publish","type":"page","link":"http:\/\/ordner-profi.de\/?page_id=173","title":{"rendered":"Auf\u00fchrungen"},"content":{"rendered":"<p>Die verschiedenen Ausf\u00fchrungen von Ordnern unterscheiden sich nicht gro\u00dfartig voneinander, stellen aber schon einen Unterschied dar.<\/p>\n<p>Je nach Ordner muss man die Seiten unterschiedlich einheften.<\/p>\n<p>Es gibt Ordner, welche darauf ausgelegt sind, Seiten mit 4 L\u00f6chern aufzunehmen und Ordner welche nur Seiten mit 2 L\u00f6chern aufnehmen k\u00f6nnen.<\/p>\n<p>Au\u00dferdem sind manche Ordner speziell auf DIN A5-Seiten ausgelegt.<\/p>\n<p>&nbsp;<\/p>\n<p>Abheftmechanismus<\/p>\n<p>&nbsp;<\/p>\n<p>Zudem gibt es verschiedene Abheftmechanismen zwischen denen man sich entscheiden kann.<\/p>\n<p>Bei einem Hebelmechanismus befindet sich ein Riegel \u00fcber den Seiten, der verhindert, dass die Seiten sich bewegen und daf\u00fcr sorgt, dass sie an Ort und Stelle bleiben.<\/p>\n<p>Mit Hilfe eines Hebels l\u00e4sst sich dieser Reigel l\u00f6sen und man kann durch die Seiten bl\u00e4ttern.<\/p>\n<p>&nbsp;<\/p>\n<p>An einem Ringordner befindet sich eine Klammer, die man an den Ringen fest macht, damit die Seiten nicht bl\u00e4ttern k\u00f6nnen.<\/p>\n<p>Ringordner gibt es als 2-Ring-Ordner und 4-Ring-Ordner.\u00a0Hier kommt es darauf an, ob das Papier mehrmals oder nur einmal gelocht wurde.<\/p>\n<p>Bei 4-Ring-Ordner kann das Papaier nicht so leicht knicken, da es von mehr Ringen gehalten wird, muss daf\u00fcr aber auch vier L\u00f6cher haben.<\/p>\n<p>&nbsp;<\/p>\n","protected":false},"excerpt":{"rendered":"<p>Die verschiedenen Ausf\u00fchrungen von Ordnern unterscheiden sich nicht gro\u00dfartig voneinander, stellen aber schon einen Unterschied dar. Je nach Ordner muss<\/p>\n","protected":false},"author":1,"featured_media":0,"parent":0,"menu_order":0,"comment_status":"closed","ping_status":"closed","template":"","meta":{"footnotes":""},"_links":{"self":[{"href":"http:\/\/ordner-profi.de\/index.php?rest_route=\/wp\/v2\/pages\/173"}],"collection":[{"href":"http:\/\/ordner-profi.de\/index.php?rest_route=\/wp\/v2\/pages"}],"about":[{"href":"http:\/\/ordner-profi.de\/index.php?rest_route=\/wp\/v2\/types\/page"}],"author":[{"embeddable":true,"href":"http:\/\/ordner-profi.de\/index.php?rest_route=\/wp\/v2\/users\/1"}],"replies":[{"embeddable":true,"href":"http:\/\/ordner-profi.de\/index.php?rest_route=%2Fwp%2Fv2%2Fcomments&post=173"}],"version-history":[{"count":3,"href":"http:\/\/ordner-profi.de\/index.php?rest_route=\/wp\/v2\/pages\/173\/revisions"}],"predecessor-version":[{"id":287,"href":"http:\/\/ordner-profi.de\/index.php?rest_route=\/wp\/v2\/pages\/173\/revisions\/287"}],"wp:attachment":[{"href":"http:\/\/ordner-profi.de\/index.php?rest_route=%2Fwp%2Fv2%2Fmedia&parent=173"}],"curies":[{"name":"wp","href":"https:\/\/api.w.org\/{rel}","templated":true}]}}