{"id":171,"date":"2016-03-16T16:18:22","date_gmt":"2016-03-16T15:18:22","guid":{"rendered":"http:\/\/www.aufkleber-druck-profi.de\/?page_id=171"},"modified":"2018-03-01T12:02:31","modified_gmt":"2018-03-01T11:02:31","slug":"veredelungen-und-dekorationen","status":"publish","type":"page","link":"http:\/\/ordner-profi.de\/?page_id=171","title":{"rendered":"Veredelungen\/Dekorationen"},"content":{"rendered":"<p>Manchmal kann es nichts schaden Ihre Ordner optisch und qualitativ aufzuwerten.<\/p>\n<p>Dies ist vor allem n\u00fctzlich, wenn Ihre Ordner mit Kunden oder Gesch\u00e4ftspartnern in Kontakt kommen, da ein guter Ordner immer einen guten Eindruck hinterl\u00e4sst.<\/p>\n<p>Es ist m\u00f6glich, den Ordner mit einem beliebigen Motiv bedrucken zu lassen, um den Ordner optisch aufzuwerten und um Kontaktinformationen weiterzugeben.<\/p>\n<p>Auf der Innenseite lassen sich Taschen platzieren, in denen man Merkzettel, Stifte oder Visitenkarten aufbewahren kann.<\/p>\n","protected":false},"excerpt":{"rendered":"<p>Manchmal kann es nichts schaden Ihre Ordner optisch und qualitativ aufzuwerten. Dies ist vor allem n\u00fctzlich, wenn Ihre Ordner mit<\/p>\n","protected":false},"author":1,"featured_media":0,"parent":0,"menu_order":0,"comment_status":"closed","ping_status":"closed","template":"","meta":{"footnotes":""},"_links":{"self":[{"href":"http:\/\/ordner-profi.de\/index.php?rest_route=\/wp\/v2\/pages\/171"}],"collection":[{"href":"http:\/\/ordner-profi.de\/index.php?rest_route=\/wp\/v2\/pages"}],"about":[{"href":"http:\/\/ordner-profi.de\/index.php?rest_route=\/wp\/v2\/types\/page"}],"author":[{"embeddable":true,"href":"http:\/\/ordner-profi.de\/index.php?rest_route=\/wp\/v2\/users\/1"}],"replies":[{"embeddable":true,"href":"http:\/\/ordner-profi.de\/index.php?rest_route=%2Fwp%2Fv2%2Fcomments&post=171"}],"version-history":[{"count":4,"href":"http:\/\/ordner-profi.de\/index.php?rest_route=\/wp\/v2\/pages\/171\/revisions"}],"predecessor-version":[{"id":285,"href":"http:\/\/ordner-profi.de\/index.php?rest_route=\/wp\/v2\/pages\/171\/revisions\/285"}],"wp:attachment":[{"href":"http:\/\/ordner-profi.de\/index.php?rest_route=%2Fwp%2Fv2%2Fmedia&parent=171"}],"curies":[{"name":"wp","href":"https:\/\/api.w.org\/{rel}","templated":true}]}}