{"id":167,"date":"2016-03-16T16:18:04","date_gmt":"2016-03-16T15:18:04","guid":{"rendered":"http:\/\/www.aufkleber-druck-profi.de\/?page_id=167"},"modified":"2018-02-28T15:39:44","modified_gmt":"2018-02-28T14:39:44","slug":"formen-und-groessen","status":"publish","type":"page","link":"http:\/\/ordner-profi.de\/?page_id=167","title":{"rendered":"Formen und Gr\u00f6\u00dfen"},"content":{"rendered":"<p>Der klassische Ordner ist darauf ausgelegt, DIN A4 Papier aufnehmen zu k\u00f6nnen.<\/p>\n<p>Das bedeutet, dass der herk\u00f6mmliche Ordner in DIN B4 (250 x 353 mm) angelegt ist.<\/p>\n<p>Von der Form her unterscheiden sich die meisten Ordner nicht wirklich.<\/p>\n<p>Der gr\u00f6\u00dfte Unterschied zwischen den meisten Ordnern, ist die Breite.<\/p>\n","protected":false},"excerpt":{"rendered":"<p>Der klassische Ordner ist darauf ausgelegt, DIN A4 Papier aufnehmen zu k\u00f6nnen. Das bedeutet, dass der herk\u00f6mmliche Ordner in DIN<\/p>\n","protected":false},"author":1,"featured_media":0,"parent":0,"menu_order":0,"comment_status":"closed","ping_status":"closed","template":"","meta":{"footnotes":""},"_links":{"self":[{"href":"http:\/\/ordner-profi.de\/index.php?rest_route=\/wp\/v2\/pages\/167"}],"collection":[{"href":"http:\/\/ordner-profi.de\/index.php?rest_route=\/wp\/v2\/pages"}],"about":[{"href":"http:\/\/ordner-profi.de\/index.php?rest_route=\/wp\/v2\/types\/page"}],"author":[{"embeddable":true,"href":"http:\/\/ordner-profi.de\/index.php?rest_route=\/wp\/v2\/users\/1"}],"replies":[{"embeddable":true,"href":"http:\/\/ordner-profi.de\/index.php?rest_route=%2Fwp%2Fv2%2Fcomments&post=167"}],"version-history":[{"count":5,"href":"http:\/\/ordner-profi.de\/index.php?rest_route=\/wp\/v2\/pages\/167\/revisions"}],"predecessor-version":[{"id":281,"href":"http:\/\/ordner-profi.de\/index.php?rest_route=\/wp\/v2\/pages\/167\/revisions\/281"}],"wp:attachment":[{"href":"http:\/\/ordner-profi.de\/index.php?rest_route=%2Fwp%2Fv2%2Fmedia&parent=167"}],"curies":[{"name":"wp","href":"https:\/\/api.w.org\/{rel}","templated":true}]}}